{"id":79975,"date":"2026-04-09T10:19:35","date_gmt":"2026-04-09T08:19:35","guid":{"rendered":"https:\/\/vesuoviedo.com\/?page_id=79975"},"modified":"2026-04-28T11:04:58","modified_gmt":"2026-04-28T09:04:58","slug":"__trashed","status":"publish","type":"page","link":"https:\/\/vesuoviedo.com\/ast\/__trashed\/","title":{"rendered":"Artistes"},"content":{"rendered":"\t\t<div data-elementor-type=\"wp-page\" data-elementor-id=\"79975\" class=\"elementor elementor-79975\" data-elementor-post-type=\"page\">\n\t\t\t\t\t\t<section class=\"elementor-section elementor-top-section elementor-element elementor-element-8bc31ac elementor-section-boxed elementor-section-height-default elementor-section-height-default\" data-id=\"8bc31ac\" data-element_type=\"section\" data-e-type=\"section\" data-settings=\"{&quot;background_background&quot;:&quot;classic&quot;}\">\n\t\t\t\t\t\t\t<div class=\"elementor-background-overlay\"><\/div>\n\t\t\t\t\t\t\t<div class=\"elementor-container elementor-column-gap-default\">\n\t\t\t\t\t<div class=\"elementor-column elementor-col-100 elementor-top-column elementor-element elementor-element-2479d30\" data-id=\"2479d30\" data-element_type=\"column\" data-e-type=\"column\" data-settings=\"{&quot;background_background&quot;:&quot;classic&quot;}\">\n\t\t\t<div class=\"elementor-widget-wrap elementor-element-populated\">\n\t\t\t\t\t<div class=\"elementor-background-overlay\"><\/div>\n\t\t\t\t\t\t<div class=\"elementor-element elementor-element-4ee322e elementor-widget__width-auto elementor-widget elementor-widget-tp-info-box\" data-id=\"4ee322e\" data-element_type=\"widget\" data-e-type=\"widget\" data-widget_type=\"tp-info-box.default\">\n\t\t\t\t<div class=\"elementor-widget-container\">\n\t\t\t\t\t<div id=\"info_box69f0a6bc5ccae\" class=\"pt_plus_info_box  info_box69f0a6bc5ccae info-box-style_1     \"  data-id=\"info_box69f0a6bc5ccae\" ><div class=\"post-inner-loop \"><div class=\"info-box-inner content_hover_effect \"><div class=\"info-box-bg-box   \"><div class=\"service-media text-left  \"><div class=\"m-r-16  \" > <img decoding=\"async\" width=\"237\" height=\"205\" src=\"https:\/\/vesuoviedo.com\/wp-content\/uploads\/2026\/04\/VESU_PERSONAJES_23-.svg\" class=\"service-img\" alt=\"\" \/> <\/div><div class=\"service-content \"><a  ><h1 class=\"service-title \"> ARRTISTAS <\/h1><\/a><\/div><\/div><div class=\"infobox-overlay-color\"><\/div><\/div><\/div><\/div><\/div>\t\t\t\t<\/div>\n\t\t\t\t<\/div>\n\t\t\t\t\t<\/div>\n\t\t<\/div>\n\t\t\t\t\t<\/div>\n\t\t<\/section>\n\t\t\t\t<section class=\"elementor-section elementor-top-section elementor-element elementor-element-61194129 elementor-section-boxed elementor-section-height-default elementor-section-height-default elementor-invisible\" data-id=\"61194129\" data-element_type=\"section\" data-e-type=\"section\" data-settings=\"{&quot;background_background&quot;:&quot;classic&quot;,&quot;animation&quot;:&quot;fadeIn&quot;,&quot;animation_delay&quot;:400}\">\n\t\t\t\t\t\t\t<div class=\"elementor-background-overlay\"><\/div>\n\t\t\t\t\t\t\t<div class=\"elementor-container elementor-column-gap-default\">\n\t\t\t\t\t<div class=\"elementor-column elementor-col-100 elementor-top-column elementor-element elementor-element-275aa942\" data-id=\"275aa942\" data-element_type=\"column\" data-e-type=\"column\" data-settings=\"{&quot;background_background&quot;:&quot;classic&quot;,&quot;background_motion_fx_motion_fx_scrolling&quot;:&quot;yes&quot;,&quot;background_motion_fx_translateY_effect&quot;:&quot;yes&quot;,&quot;background_motion_fx_translateY_direction&quot;:&quot;negative&quot;,&quot;background_motion_fx_translateY_speed&quot;:{&quot;unit&quot;:&quot;px&quot;,&quot;size&quot;:&quot;2.5&quot;,&quot;sizes&quot;:[]},&quot;background_motion_fx_translateY_affectedRange&quot;:{&quot;unit&quot;:&quot;%&quot;,&quot;size&quot;:&quot;&quot;,&quot;sizes&quot;:{&quot;start&quot;:0,&quot;end&quot;:100}},&quot;background_motion_fx_devices&quot;:[&quot;desktop&quot;,&quot;tablet&quot;,&quot;mobile&quot;]}\">\n\t\t\t<div class=\"elementor-widget-wrap elementor-element-populated\">\n\t\t\t\t\t<div class=\"elementor-background-overlay\"><\/div>\n\t\t\t\t\t\t<div class=\"elementor-element elementor-element-5856caa elementor-widget elementor-widget-gallery\" data-id=\"5856caa\" data-element_type=\"widget\" data-e-type=\"widget\" data-settings=\"{&quot;gallery_layout&quot;:&quot;masonry&quot;,&quot;overlay_title&quot;:&quot;title&quot;,&quot;overlay_description&quot;:&quot;caption&quot;,&quot;content_sequenced_animation&quot;:&quot;yes&quot;,&quot;columns&quot;:2,&quot;gap&quot;:{&quot;unit&quot;:&quot;px&quot;,&quot;size&quot;:30,&quot;sizes&quot;:[]},&quot;columns_tablet&quot;:2,&quot;columns_mobile&quot;:1,&quot;gap_tablet&quot;:{&quot;unit&quot;:&quot;px&quot;,&quot;size&quot;:10,&quot;sizes&quot;:[]},&quot;gap_mobile&quot;:{&quot;unit&quot;:&quot;px&quot;,&quot;size&quot;:10,&quot;sizes&quot;:[]},&quot;overlay_background&quot;:&quot;yes&quot;,&quot;content_hover_animation&quot;:&quot;fade-in&quot;}\" data-widget_type=\"gallery.default\">\n\t\t\t\t<div class=\"elementor-widget-container\">\n\t\t\t\t\t\t\t<div class=\"elementor-gallery__container\">\n\t\t\t\t\t\t\t<div class=\"e-gallery-item elementor-gallery-item elementor-animated-content\" tabindex=\"0\">\n\t\t\t\t\t<div class=\"e-gallery-image elementor-gallery-item__image\" data-thumbnail=\"https:\/\/vesuoviedo.com\/wp-content\/uploads\/2026\/04\/billyboom.png\" data-width=\"710\" data-height=\"1022\" aria-label=\"\" role=\"img\" ><\/div>\n\t\t\t\t\t\t\t\t\t\t\t<div class=\"elementor-gallery-item__overlay\"><\/div>\n\t\t\t\t\t\t\t\t\t\t\t\t\t\t\t<div class=\"elementor-gallery-item__content\">\n\t\t\t\t\t\t\t\t\t\t\t\t\t\t<div class=\"elementor-gallery-item__title\">\n\t\t\t\t\t\t\t\t\t\t\t\t\t\t\t\t\t\tBilly Boom Band\t\t\t\t\t\t\t\t<\/div>\n\t\t\t\t\t\t\t\t\t\t\t\t<\/div>\n\t\t\t\t\t\t\t\t\t<\/div>\n\t\t\t\t\t\t\t<div class=\"e-gallery-item elementor-gallery-item elementor-animated-content\" tabindex=\"0\">\n\t\t\t\t\t<div class=\"e-gallery-image elementor-gallery-item__image\" data-thumbnail=\"https:\/\/vesuoviedo.com\/wp-content\/uploads\/2026\/04\/denis.png\" data-width=\"806\" data-height=\"920\" aria-label=\"\" role=\"img\" ><\/div>\n\t\t\t\t\t\t\t\t\t\t\t<div class=\"elementor-gallery-item__overlay\"><\/div>\n\t\t\t\t\t\t\t\t\t\t\t\t\t\t\t<div class=\"elementor-gallery-item__content\">\n\t\t\t\t\t\t\t\t\t\t\t\t\t\t<div class=\"elementor-gallery-item__title\">\n\t\t\t\t\t\t\t\t\t\t\t\t\t\t\t\t\t\tDenisdenis\t\t\t\t\t\t\t\t<\/div>\n\t\t\t\t\t\t\t\t\t\t\t\t<\/div>\n\t\t\t\t\t\t\t\t\t<\/div>\n\t\t\t\t\t\t\t<div class=\"e-gallery-item elementor-gallery-item elementor-animated-content\" tabindex=\"0\">\n\t\t\t\t\t<div class=\"e-gallery-image elementor-gallery-item__image\" data-thumbnail=\"https:\/\/vesuoviedo.com\/wp-content\/uploads\/2026\/04\/DepresionSonora_LPNEI_FotosPromocion_DavidHeofs_Bandiz_04_ALTA.jpg\" data-width=\"1000\" data-height=\"1000\" aria-label=\"\" role=\"img\" ><\/div>\n\t\t\t\t\t\t\t\t\t\t\t<div class=\"elementor-gallery-item__overlay\"><\/div>\n\t\t\t\t\t\t\t\t\t\t\t\t\t\t\t<div class=\"elementor-gallery-item__content\">\n\t\t\t\t\t\t\t\t\t\t\t\t\t\t<div class=\"elementor-gallery-item__title\">\n\t\t\t\t\t\t\t\t\t\t\t\t\t\t\t\t\t\tDepresi\u00f3n Sonora\t\t\t\t\t\t\t\t<\/div>\n\t\t\t\t\t\t\t\t\t\t\t\t<\/div>\n\t\t\t\t\t\t\t\t\t<\/div>\n\t\t\t\t\t\t\t<div class=\"e-gallery-item elementor-gallery-item elementor-animated-content\" tabindex=\"0\">\n\t\t\t\t\t<div class=\"e-gallery-image elementor-gallery-item__image\" data-thumbnail=\"https:\/\/vesuoviedo.com\/wp-content\/uploads\/2026\/04\/Las-Petunias_ALTA_06.jpg\" data-width=\"1371\" data-height=\"1821\" aria-label=\"\" role=\"img\" ><\/div>\n\t\t\t\t\t\t\t\t\t\t\t<div class=\"elementor-gallery-item__overlay\"><\/div>\n\t\t\t\t\t\t\t\t\t\t\t\t\t\t\t<div class=\"elementor-gallery-item__content\">\n\t\t\t\t\t\t\t\t\t\t\t\t\t\t<div class=\"elementor-gallery-item__title\">\n\t\t\t\t\t\t\t\t\t\t\t\t\t\t\t\t\t\tLas Petunias\t\t\t\t\t\t\t\t<\/div>\n\t\t\t\t\t\t\t\t\t\t\t\t<\/div>\n\t\t\t\t\t\t\t\t\t<\/div>\n\t\t\t\t\t\t\t<div class=\"e-gallery-item elementor-gallery-item elementor-animated-content\" tabindex=\"0\">\n\t\t\t\t\t<div class=\"e-gallery-image elementor-gallery-item__image\" data-thumbnail=\"https:\/\/vesuoviedo.com\/wp-content\/uploads\/2026\/04\/mariaarnal-scaled.jpg\" data-width=\"1708\" data-height=\"2560\" aria-label=\"\" role=\"img\" ><\/div>\n\t\t\t\t\t\t\t\t\t\t\t<div class=\"elementor-gallery-item__overlay\"><\/div>\n\t\t\t\t\t\t\t\t\t\t\t\t\t\t\t<div class=\"elementor-gallery-item__content\">\n\t\t\t\t\t\t\t\t\t\t\t\t\t\t<div class=\"elementor-gallery-item__title\">\n\t\t\t\t\t\t\t\t\t\t\t\t\t\t\t\t\t\tMar\u00eda Arnal\t\t\t\t\t\t\t\t<\/div>\n\t\t\t\t\t\t\t\t\t\t\t\t<\/div>\n\t\t\t\t\t\t\t\t\t<\/div>\n\t\t\t\t\t\t\t<div class=\"e-gallery-item elementor-gallery-item elementor-animated-content\" tabindex=\"0\">\n\t\t\t\t\t<div class=\"e-gallery-image elementor-gallery-item__image\" data-thumbnail=\"https:\/\/vesuoviedo.com\/wp-content\/uploads\/2026\/04\/mujeres.jpg\" data-width=\"1791\" data-height=\"1200\" aria-label=\"\" role=\"img\" ><\/div>\n\t\t\t\t\t\t\t\t\t\t\t<div class=\"elementor-gallery-item__overlay\"><\/div>\n\t\t\t\t\t\t\t\t\t\t\t\t\t\t\t<div class=\"elementor-gallery-item__content\">\n\t\t\t\t\t\t\t\t\t\t\t\t\t\t<div class=\"elementor-gallery-item__title\">\n\t\t\t\t\t\t\t\t\t\t\t\t\t\t\t\t\t\tMujeres\t\t\t\t\t\t\t\t<\/div>\n\t\t\t\t\t\t\t\t\t\t\t\t<\/div>\n\t\t\t\t\t\t\t\t\t<\/div>\n\t\t\t\t\t\t\t<div class=\"e-gallery-item elementor-gallery-item elementor-animated-content\" tabindex=\"0\">\n\t\t\t\t\t<div class=\"e-gallery-image elementor-gallery-item__image\" data-thumbnail=\"https:\/\/vesuoviedo.com\/wp-content\/uploads\/2026\/04\/punodragon.jpg\" data-width=\"866\" data-height=\"1500\" aria-label=\"\" role=\"img\" ><\/div>\n\t\t\t\t\t\t\t\t\t\t\t<div class=\"elementor-gallery-item__overlay\"><\/div>\n\t\t\t\t\t\t\t\t\t\t\t\t\t\t\t<div class=\"elementor-gallery-item__content\">\n\t\t\t\t\t\t\t\t\t\t\t\t\t\t<div class=\"elementor-gallery-item__title\">\n\t\t\t\t\t\t\t\t\t\t\t\t\t\t\t\t\t\tPu\u00f1o Drag\u00f3n\t\t\t\t\t\t\t\t<\/div>\n\t\t\t\t\t\t\t\t\t\t\t\t<\/div>\n\t\t\t\t\t\t\t\t\t<\/div>\n\t\t\t\t\t\t\t<div class=\"e-gallery-item elementor-gallery-item elementor-animated-content\" tabindex=\"0\">\n\t\t\t\t\t<div class=\"e-gallery-image elementor-gallery-item__image\" data-thumbnail=\"https:\/\/vesuoviedo.com\/wp-content\/uploads\/2026\/04\/snakeeyes.jpg\" data-width=\"1899\" data-height=\"1519\" aria-label=\"\" role=\"img\" ><\/div>\n\t\t\t\t\t\t\t\t\t\t\t<div class=\"elementor-gallery-item__overlay\"><\/div>\n\t\t\t\t\t\t\t\t\t\t\t\t\t\t\t<div class=\"elementor-gallery-item__content\">\n\t\t\t\t\t\t\t\t\t\t\t\t\t\t<div class=\"elementor-gallery-item__title\">\n\t\t\t\t\t\t\t\t\t\t\t\t\t\t\t\t\t\tSnake Eyes\t\t\t\t\t\t\t\t<\/div>\n\t\t\t\t\t\t\t\t\t\t\t\t<\/div>\n\t\t\t\t\t\t\t\t\t<\/div>\n\t\t\t\t\t\t\t<div class=\"e-gallery-item elementor-gallery-item elementor-animated-content\" tabindex=\"0\">\n\t\t\t\t\t<div class=\"e-gallery-image elementor-gallery-item__image\" data-thumbnail=\"https:\/\/vesuoviedo.com\/wp-content\/uploads\/2026\/04\/sobrezero-4-scaled.jpg\" data-width=\"1707\" data-height=\"2560\" aria-label=\"\" role=\"img\" ><\/div>\n\t\t\t\t\t\t\t\t\t\t\t<div class=\"elementor-gallery-item__overlay\"><\/div>\n\t\t\t\t\t\t\t\t\t\t\t\t\t\t\t<div class=\"elementor-gallery-item__content\">\n\t\t\t\t\t\t\t\t\t\t\t\t\t\t<div class=\"elementor-gallery-item__title\">\n\t\t\t\t\t\t\t\t\t\t\t\t\t\t\t\t\t\tSobrezero\t\t\t\t\t\t\t\t<\/div>\n\t\t\t\t\t\t\t\t\t\t\t\t<\/div>\n\t\t\t\t\t\t\t\t\t<\/div>\n\t\t\t\t\t\t\t<div class=\"e-gallery-item elementor-gallery-item elementor-animated-content\" tabindex=\"0\">\n\t\t\t\t\t<div class=\"e-gallery-image elementor-gallery-item__image\" data-thumbnail=\"https:\/\/vesuoviedo.com\/wp-content\/uploads\/2026\/04\/1-Dora-Band-scaled.jpeg\" data-width=\"2560\" data-height=\"1707\" aria-label=\"\" role=\"img\" ><\/div>\n\t\t\t\t\t\t\t\t\t\t\t<div class=\"elementor-gallery-item__overlay\"><\/div>\n\t\t\t\t\t\t\t\t\t\t\t\t\t\t\t<div class=\"elementor-gallery-item__content\">\n\t\t\t\t\t\t\t\t\t\t\t\t\t\t<div class=\"elementor-gallery-item__title\">\n\t\t\t\t\t\t\t\t\t\t\t\t\t\t\t\t\t\tDora Band\t\t\t\t\t\t\t\t<\/div>\n\t\t\t\t\t\t\t\t\t\t\t\t<\/div>\n\t\t\t\t\t\t\t\t\t<\/div>\n\t\t\t\t\t\t\t<div class=\"e-gallery-item elementor-gallery-item elementor-animated-content\" tabindex=\"0\">\n\t\t\t\t\t<div class=\"e-gallery-image elementor-gallery-item__image\" data-thumbnail=\"https:\/\/vesuoviedo.com\/wp-content\/uploads\/2026\/04\/Portada-disco-Begut.jpg\" data-width=\"1080\" data-height=\"1080\" aria-label=\"\" role=\"img\" ><\/div>\n\t\t\t\t\t\t\t\t\t\t\t<div class=\"elementor-gallery-item__overlay\"><\/div>\n\t\t\t\t\t\t\t\t\t\t\t\t\t\t\t<div class=\"elementor-gallery-item__content\">\n\t\t\t\t\t\t\t\t\t\t\t\t\t\t<div class=\"elementor-gallery-item__title\">\n\t\t\t\t\t\t\t\t\t\t\t\t\t\t\t\t\t\tBegut\t\t\t\t\t\t\t\t<\/div>\n\t\t\t\t\t\t\t\t\t\t\t\t<\/div>\n\t\t\t\t\t\t\t\t\t<\/div>\n\t\t\t\t\t<\/div>\n\t\t\t\t\t<\/div>\n\t\t\t\t<\/div>\n\t\t\t\t\t<\/div>\n\t\t<\/div>\n\t\t\t\t\t<\/div>\n\t\t<\/section>\n\t\t\t\t<\/div>\n\t\t","protected":false},"excerpt":{"rendered":"<p>ARRTISTAS Billy Boom Band Denisdenis Depresi\u00f3n Sonora Las Petunias Mar\u00eda Arnal Mujeres Pu\u00f1o Drag\u00f3n Snake Eyes Sobrezero Dora Band Begut<\/p>","protected":false},"author":1,"featured_media":0,"parent":0,"menu_order":0,"comment_status":"closed","ping_status":"closed","template":"elementor_header_footer","meta":{"_acf_changed":false,"inline_featured_image":false,"footnotes":""},"class_list":["post-79975","page","type-page","status-publish","hentry"],"acf":[],"yoast_head":"<!-- This site is optimized with the Yoast SEO plugin v27.3 - https:\/\/yoast.com\/product\/yoast-seo-wordpress\/ -->\n<title>Artistas | VESU 2026 | 26, 27, 28 de junio de 2026<\/title>\n<meta name=\"robots\" content=\"index, follow, max-snippet:-1, max-image-preview:large, max-video-preview:-1\" \/>\n<link rel=\"canonical\" href=\"https:\/\/vesuoviedo.com\/ast\/__trashed\/\" \/>\n<meta property=\"og:locale\" content=\"en_US\" \/>\n<meta property=\"og:type\" content=\"article\" \/>\n<meta property=\"og:title\" content=\"Artistas | VESU 2026 | 26, 27, 28 de junio de 2026\" \/>\n<meta property=\"og:description\" content=\"ARRTISTAS Billy Boom Band Denisdenis Depresi\u00f3n Sonora Las Petunias Mar\u00eda Arnal Mujeres Pu\u00f1o Drag\u00f3n Snake Eyes Sobrezero Dora Band Begut\" \/>\n<meta property=\"og:url\" content=\"https:\/\/vesuoviedo.com\/ast\/__trashed\/\" \/>\n<meta property=\"og:site_name\" content=\"VESU 2026 | 26, 27, 28 de junio de 2026\" \/>\n<meta property=\"article:modified_time\" content=\"2026-04-28T09:04:58+00:00\" \/>\n<meta property=\"og:image\" content=\"https:\/\/vesuoviedo.com\/wp-content\/uploads\/2026\/04\/VESU_PERSONAJES_23-.svg\" \/>\n<meta name=\"twitter:card\" content=\"summary_large_image\" \/>\n<meta name=\"twitter:label1\" content=\"Est. reading time\" \/>\n\t<meta name=\"twitter:data1\" content=\"1 minute\" \/>\n<script type=\"application\/ld+json\" class=\"yoast-schema-graph\">{\"@context\":\"https:\\\/\\\/schema.org\",\"@graph\":[{\"@type\":\"WebPage\",\"@id\":\"https:\\\/\\\/vesuoviedo.com\\\/__trashed\\\/\",\"url\":\"https:\\\/\\\/vesuoviedo.com\\\/__trashed\\\/\",\"name\":\"Artistas | VESU 2026 | 26, 27, 28 de junio de 2026\",\"isPartOf\":{\"@id\":\"https:\\\/\\\/vesuoviedo.com\\\/#website\"},\"primaryImageOfPage\":{\"@id\":\"https:\\\/\\\/vesuoviedo.com\\\/__trashed\\\/#primaryimage\"},\"image\":{\"@id\":\"https:\\\/\\\/vesuoviedo.com\\\/__trashed\\\/#primaryimage\"},\"thumbnailUrl\":\"https:\\\/\\\/vesuoviedo.com\\\/wp-content\\\/uploads\\\/2026\\\/04\\\/VESU_PERSONAJES_23-.svg\",\"datePublished\":\"2026-04-09T08:19:35+00:00\",\"dateModified\":\"2026-04-28T09:04:58+00:00\",\"breadcrumb\":{\"@id\":\"https:\\\/\\\/vesuoviedo.com\\\/__trashed\\\/#breadcrumb\"},\"inLanguage\":\"ast-AST\",\"potentialAction\":[{\"@type\":\"ReadAction\",\"target\":[\"https:\\\/\\\/vesuoviedo.com\\\/__trashed\\\/\"]}]},{\"@type\":\"ImageObject\",\"inLanguage\":\"ast-AST\",\"@id\":\"https:\\\/\\\/vesuoviedo.com\\\/__trashed\\\/#primaryimage\",\"url\":\"https:\\\/\\\/vesuoviedo.com\\\/wp-content\\\/uploads\\\/2026\\\/04\\\/VESU_PERSONAJES_23-.svg\",\"contentUrl\":\"https:\\\/\\\/vesuoviedo.com\\\/wp-content\\\/uploads\\\/2026\\\/04\\\/VESU_PERSONAJES_23-.svg\"},{\"@type\":\"BreadcrumbList\",\"@id\":\"https:\\\/\\\/vesuoviedo.com\\\/__trashed\\\/#breadcrumb\",\"itemListElement\":[{\"@type\":\"ListItem\",\"position\":1,\"name\":\"Portada\",\"item\":\"https:\\\/\\\/vesuoviedo.com\\\/\"},{\"@type\":\"ListItem\",\"position\":2,\"name\":\"Artistas\"}]},{\"@type\":\"WebSite\",\"@id\":\"https:\\\/\\\/vesuoviedo.com\\\/#website\",\"url\":\"https:\\\/\\\/vesuoviedo.com\\\/\",\"name\":\"VESU 2024 | 21, 22, 23 JUNIO\",\"description\":\"#nohayveranosinvesu\",\"publisher\":{\"@id\":\"https:\\\/\\\/vesuoviedo.com\\\/#organization\"},\"potentialAction\":[{\"@type\":\"SearchAction\",\"target\":{\"@type\":\"EntryPoint\",\"urlTemplate\":\"https:\\\/\\\/vesuoviedo.com\\\/?s={search_term_string}\"},\"query-input\":{\"@type\":\"PropertyValueSpecification\",\"valueRequired\":true,\"valueName\":\"search_term_string\"}}],\"inLanguage\":\"ast-AST\"},{\"@type\":\"Organization\",\"@id\":\"https:\\\/\\\/vesuoviedo.com\\\/#organization\",\"name\":\"VESU\",\"url\":\"https:\\\/\\\/vesuoviedo.com\\\/\",\"logo\":{\"@type\":\"ImageObject\",\"inLanguage\":\"ast-AST\",\"@id\":\"https:\\\/\\\/vesuoviedo.com\\\/#\\\/schema\\\/logo\\\/image\\\/\",\"url\":\"https:\\\/\\\/vesuoviedo.com\\\/wp-content\\\/uploads\\\/2021\\\/05\\\/VesuLogo21SN.png\",\"contentUrl\":\"https:\\\/\\\/vesuoviedo.com\\\/wp-content\\\/uploads\\\/2021\\\/05\\\/VesuLogo21SN.png\",\"width\":1134,\"height\":1134,\"caption\":\"VESU\"},\"image\":{\"@id\":\"https:\\\/\\\/vesuoviedo.com\\\/#\\\/schema\\\/logo\\\/image\\\/\"}}]}<\/script>\n<!-- \/ Yoast SEO plugin. -->","yoast_head_json":{"title":"Artistas | VESU 2026 | 26, 27, 28 de junio de 2026","robots":{"index":"index","follow":"follow","max-snippet":"max-snippet:-1","max-image-preview":"max-image-preview:large","max-video-preview":"max-video-preview:-1"},"canonical":"https:\/\/vesuoviedo.com\/ast\/__trashed\/","og_locale":"en_US","og_type":"article","og_title":"Artistas | VESU 2026 | 26, 27, 28 de junio de 2026","og_description":"ARRTISTAS Billy Boom Band Denisdenis Depresi\u00f3n Sonora Las Petunias Mar\u00eda Arnal Mujeres Pu\u00f1o Drag\u00f3n Snake Eyes Sobrezero Dora Band Begut","og_url":"https:\/\/vesuoviedo.com\/ast\/__trashed\/","og_site_name":"VESU 2026 | 26, 27, 28 de junio de 2026","article_modified_time":"2026-04-28T09:04:58+00:00","og_image":[{"url":"https:\/\/vesuoviedo.com\/wp-content\/uploads\/2026\/04\/VESU_PERSONAJES_23-.svg","type":"","width":"","height":""}],"twitter_card":"summary_large_image","twitter_misc":{"Est. reading time":"1 minute"},"schema":{"@context":"https:\/\/schema.org","@graph":[{"@type":"WebPage","@id":"https:\/\/vesuoviedo.com\/__trashed\/","url":"https:\/\/vesuoviedo.com\/__trashed\/","name":"Artistas | VESU 2026 | 26, 27, 28 de junio de 2026","isPartOf":{"@id":"https:\/\/vesuoviedo.com\/#website"},"primaryImageOfPage":{"@id":"https:\/\/vesuoviedo.com\/__trashed\/#primaryimage"},"image":{"@id":"https:\/\/vesuoviedo.com\/__trashed\/#primaryimage"},"thumbnailUrl":"https:\/\/vesuoviedo.com\/wp-content\/uploads\/2026\/04\/VESU_PERSONAJES_23-.svg","datePublished":"2026-04-09T08:19:35+00:00","dateModified":"2026-04-28T09:04:58+00:00","breadcrumb":{"@id":"https:\/\/vesuoviedo.com\/__trashed\/#breadcrumb"},"inLanguage":"ast-AST","potentialAction":[{"@type":"ReadAction","target":["https:\/\/vesuoviedo.com\/__trashed\/"]}]},{"@type":"ImageObject","inLanguage":"ast-AST","@id":"https:\/\/vesuoviedo.com\/__trashed\/#primaryimage","url":"https:\/\/vesuoviedo.com\/wp-content\/uploads\/2026\/04\/VESU_PERSONAJES_23-.svg","contentUrl":"https:\/\/vesuoviedo.com\/wp-content\/uploads\/2026\/04\/VESU_PERSONAJES_23-.svg"},{"@type":"BreadcrumbList","@id":"https:\/\/vesuoviedo.com\/__trashed\/#breadcrumb","itemListElement":[{"@type":"ListItem","position":1,"name":"Portada","item":"https:\/\/vesuoviedo.com\/"},{"@type":"ListItem","position":2,"name":"Artistas"}]},{"@type":"WebSite","@id":"https:\/\/vesuoviedo.com\/#website","url":"https:\/\/vesuoviedo.com\/","name":"VESU 2024 | 21, 22, 23 JUNIO","description":"#nohayveranosinvesu","publisher":{"@id":"https:\/\/vesuoviedo.com\/#organization"},"potentialAction":[{"@type":"SearchAction","target":{"@type":"EntryPoint","urlTemplate":"https:\/\/vesuoviedo.com\/?s={search_term_string}"},"query-input":{"@type":"PropertyValueSpecification","valueRequired":true,"valueName":"search_term_string"}}],"inLanguage":"ast-AST"},{"@type":"Organization","@id":"https:\/\/vesuoviedo.com\/#organization","name":"VESU","url":"https:\/\/vesuoviedo.com\/","logo":{"@type":"ImageObject","inLanguage":"ast-AST","@id":"https:\/\/vesuoviedo.com\/#\/schema\/logo\/image\/","url":"https:\/\/vesuoviedo.com\/wp-content\/uploads\/2021\/05\/VesuLogo21SN.png","contentUrl":"https:\/\/vesuoviedo.com\/wp-content\/uploads\/2021\/05\/VesuLogo21SN.png","width":1134,"height":1134,"caption":"VESU"},"image":{"@id":"https:\/\/vesuoviedo.com\/#\/schema\/logo\/image\/"}}]}},"_links":{"self":[{"href":"https:\/\/vesuoviedo.com\/ast\/wp-json\/wp\/v2\/pages\/79975","targetHints":{"allow":["GET"]}}],"collection":[{"href":"https:\/\/vesuoviedo.com\/ast\/wp-json\/wp\/v2\/pages"}],"about":[{"href":"https:\/\/vesuoviedo.com\/ast\/wp-json\/wp\/v2\/types\/page"}],"author":[{"embeddable":true,"href":"https:\/\/vesuoviedo.com\/ast\/wp-json\/wp\/v2\/users\/1"}],"replies":[{"embeddable":true,"href":"https:\/\/vesuoviedo.com\/ast\/wp-json\/wp\/v2\/comments?post=79975"}],"version-history":[{"count":6,"href":"https:\/\/vesuoviedo.com\/ast\/wp-json\/wp\/v2\/pages\/79975\/revisions"}],"predecessor-version":[{"id":80164,"href":"https:\/\/vesuoviedo.com\/ast\/wp-json\/wp\/v2\/pages\/79975\/revisions\/80164"}],"wp:attachment":[{"href":"https:\/\/vesuoviedo.com\/ast\/wp-json\/wp\/v2\/media?parent=79975"}],"curies":[{"name":"wp","href":"https:\/\/api.w.org\/{rel}","templated":true}]}}